{"id":11,"date":"2022-03-17T17:16:33","date_gmt":"2022-03-17T17:16:33","guid":{"rendered":"http:\/\/gotasdrocio.com\/?page_id=11"},"modified":"2022-03-17T17:32:37","modified_gmt":"2022-03-17T17:32:37","slug":"about","status":"publish","type":"page","link":"https:\/\/gotasdrocio.com\/?page_id=11","title":{"rendered":"Nuestros vinos"},"content":{"rendered":"\n<p>Intentamos que nuestros vinos sean aut\u00e9nticos, diferentes, sinceros y singulares. Que transmitan la expresi\u00f3n, autenticidad y personalidad de nuestros vi\u00f1edos. Elabor\u00e1ndolos y cri\u00e1ndolos con el m\u00e1ximo respeto, pero desde una visi\u00f3n exigente, din\u00e1mica y actual.<\/p>\n","protected":false},"excerpt":{"rendered":"<p>Intentamos que nuestros vinos sean aut\u00e9nticos, diferentes, sinceros y singulares. Que transmitan la expresi\u00f3n, autenticidad y personalidad de nuestros vi\u00f1edos. Elabor\u00e1ndolos y cri\u00e1ndolos con el m\u00e1ximo respeto, pero desde una visi\u00f3n exigente, din\u00e1mica y actual.<\/p>\n","protected":false},"author":1,"featured_media":50,"parent":0,"menu_order":0,"comment_status":"closed","ping_status":"closed","template":"","meta":{"om_disable_all_campaigns":false,"_monsterinsights_skip_tracking":false,"_monsterinsights_sitenote_active":false,"_monsterinsights_sitenote_note":"","_monsterinsights_sitenote_category":0},"_links":{"self":[{"href":"https:\/\/gotasdrocio.com\/index.php?rest_route=\/wp\/v2\/pages\/11"}],"collection":[{"href":"https:\/\/gotasdrocio.com\/index.php?rest_route=\/wp\/v2\/pages"}],"about":[{"href":"https:\/\/gotasdrocio.com\/index.php?rest_route=\/wp\/v2\/types\/page"}],"author":[{"embeddable":true,"href":"https:\/\/gotasdrocio.com\/index.php?rest_route=\/wp\/v2\/users\/1"}],"replies":[{"embeddable":true,"href":"https:\/\/gotasdrocio.com\/index.php?rest_route=%2Fwp%2Fv2%2Fcomments&post=11"}],"version-history":[{"count":2,"href":"https:\/\/gotasdrocio.com\/index.php?rest_route=\/wp\/v2\/pages\/11\/revisions"}],"predecessor-version":[{"id":49,"href":"https:\/\/gotasdrocio.com\/index.php?rest_route=\/wp\/v2\/pages\/11\/revisions\/49"}],"wp:featuredmedia":[{"embeddable":true,"href":"https:\/\/gotasdrocio.com\/index.php?rest_route=\/wp\/v2\/media\/50"}],"wp:attachment":[{"href":"https:\/\/gotasdrocio.com\/index.php?rest_route=%2Fwp%2Fv2%2Fmedia&parent=11"}],"curies":[{"name":"wp","href":"https:\/\/api.w.org\/{rel}","templated":true}]}}