{"id":137,"date":"2022-03-17T22:16:07","date_gmt":"2022-03-17T22:16:07","guid":{"rendered":"http:\/\/gotasdrocio.com\/?page_id=137"},"modified":"2022-03-17T22:25:42","modified_gmt":"2022-03-17T22:25:42","slug":"turismo","status":"publish","type":"page","link":"https:\/\/gotasdrocio.com\/?page_id=137","title":{"rendered":"Turismo en Burgos"},"content":{"rendered":"\n<p>Merece la pena visitar Burgos, pasear por sus elegantes calles, paseos y zonas verdes, Burgos combina historia y modernidad.<br>Es obligado contemplar su catedral g\u00f3tica Patrimonio de la Humanidad, visitar el Museo de la Evoluci\u00f3n Humana<br>y los yacimientos de Atapuerca, a apenas 10 kms de la capital,<br>que cada d\u00eda nos sorprenden con nuevos hallazgos que permiten descifrar los or\u00edgenes de la especie humana.<br>Es imprescindible disfrutar de su gastronom\u00eda, cada vez m\u00e1s reconocida a nivel nacional e internacional<br>y de sus vinos, tanto de la<br>D.O Ribera del Duero como Arlanza.<\/p>\n\n\n\n<hr class=\"wp-block-separator\"\/>\n\n\n\n<hr class=\"wp-block-separator\"\/>\n\n\n\n<div class=\"wp-block-media-text alignwide is-stacked-on-mobile\"><figure class=\"wp-block-media-text__media\"><a href=\"http:\/\/turismoburgos.digital\/index.php\/enoturismo\/\"><img loading=\"lazy\" width=\"1024\" height=\"768\" src=\"http:\/\/gotasdrocio.com\/wp-content\/uploads\/2022\/03\/img-20161125-wa0003-ts1482228813-1-1024x768.jpg\" alt=\"\" class=\"wp-image-144 size-full\" srcset=\"https:\/\/gotasdrocio.com\/wp-content\/uploads\/2022\/03\/img-20161125-wa0003-ts1482228813-1-1024x768.jpg 1024w, https:\/\/gotasdrocio.com\/wp-content\/uploads\/2022\/03\/img-20161125-wa0003-ts1482228813-1-300x225.jpg 300w, https:\/\/gotasdrocio.com\/wp-content\/uploads\/2022\/03\/img-20161125-wa0003-ts1482228813-1-768x576.jpg 768w, https:\/\/gotasdrocio.com\/wp-content\/uploads\/2022\/03\/img-20161125-wa0003-ts1482228813-1-1536x1152.jpg 1536w, https:\/\/gotasdrocio.com\/wp-content\/uploads\/2022\/03\/img-20161125-wa0003-ts1482228813-1.jpg 1600w\" sizes=\"(max-width: 767px) 89vw, (max-width: 1000px) 54vw, (max-width: 1071px) 543px, 580px\" \/><\/a><\/figure><div class=\"wp-block-media-text__content\">\n<p class=\"has-large-font-size\">Enoturismo<\/p>\n<\/div><\/div>\n\n\n\n<hr class=\"wp-block-separator\"\/>\n\n\n\n<div class=\"wp-block-media-text alignwide is-stacked-on-mobile\"><figure class=\"wp-block-media-text__media\"><a href=\"http:\/\/turismoburgos.digital\/index.php\/gastronomia\/\"><img loading=\"lazy\" width=\"750\" height=\"400\" src=\"http:\/\/gotasdrocio.com\/wp-content\/uploads\/2022\/03\/olla_podrida.jpg\" alt=\"\" class=\"wp-image-145 size-full\" srcset=\"https:\/\/gotasdrocio.com\/wp-content\/uploads\/2022\/03\/olla_podrida.jpg 750w, https:\/\/gotasdrocio.com\/wp-content\/uploads\/2022\/03\/olla_podrida-300x160.jpg 300w\" sizes=\"(max-width: 706px) 89vw, (max-width: 767px) 82vw, 740px\" \/><\/a><\/figure><div class=\"wp-block-media-text__content\">\n<p class=\"has-large-font-size\">Gastronom\u00eda<\/p>\n<\/div><\/div>\n\n\n\n<hr class=\"wp-block-separator\"\/>\n\n\n\n<div class=\"wp-block-media-text alignwide is-stacked-on-mobile\"><figure class=\"wp-block-media-text__media\"><a href=\"http:\/\/turismoburgos.digital\/index.php\/burgos-2\/\"><img loading=\"lazy\" width=\"1024\" height=\"639\" src=\"http:\/\/gotasdrocio.com\/wp-content\/uploads\/2022\/03\/00IMG_1079-1-1024x639.jpg\" alt=\"\" class=\"wp-image-146 size-full\" srcset=\"https:\/\/gotasdrocio.com\/wp-content\/uploads\/2022\/03\/00IMG_1079-1-1024x639.jpg 1024w, https:\/\/gotasdrocio.com\/wp-content\/uploads\/2022\/03\/00IMG_1079-1-300x187.jpg 300w, https:\/\/gotasdrocio.com\/wp-content\/uploads\/2022\/03\/00IMG_1079-1-768x479.jpg 768w, https:\/\/gotasdrocio.com\/wp-content\/uploads\/2022\/03\/00IMG_1079-1-1536x958.jpg 1536w, https:\/\/gotasdrocio.com\/wp-content\/uploads\/2022\/03\/00IMG_1079-1.jpg 1600w\" sizes=\"(max-width: 767px) 89vw, (max-width: 1000px) 54vw, (max-width: 1071px) 543px, 580px\" \/><\/a><\/figure><div class=\"wp-block-media-text__content\">\n<p class=\"has-large-font-size\">Turismo<\/p>\n<\/div><\/div>\n\n\n\n<hr class=\"wp-block-separator\"\/>\n","protected":false},"excerpt":{"rendered":"<p>Merece la pena visitar Burgos, pasear por sus elegantes calles, paseos y zonas verdes, Burgos combina historia y modernidad.Es obligado contemplar su catedral g\u00f3tica Patrimonio de la Humanidad, visitar el Museo de la Evoluci\u00f3n Humanay los yacimientos de Atapuerca, a apenas 10 kms de la capital,que cada d\u00eda nos sorprenden con nuevos hallazgos que permiten &hellip; <\/p>\n<p class=\"link-more\"><a href=\"https:\/\/gotasdrocio.com\/?page_id=137\" class=\"more-link\">Continuar leyendo<span class=\"screen-reader-text\"> \u00abTurismo en Burgos\u00bb<\/span><\/a><\/p>\n","protected":false},"author":1,"featured_media":141,"parent":0,"menu_order":0,"comment_status":"closed","ping_status":"closed","template":"","meta":{"om_disable_all_campaigns":false,"_monsterinsights_skip_tracking":false,"_monsterinsights_sitenote_active":false,"_monsterinsights_sitenote_note":"","_monsterinsights_sitenote_category":0},"_links":{"self":[{"href":"https:\/\/gotasdrocio.com\/index.php?rest_route=\/wp\/v2\/pages\/137"}],"collection":[{"href":"https:\/\/gotasdrocio.com\/index.php?rest_route=\/wp\/v2\/pages"}],"about":[{"href":"https:\/\/gotasdrocio.com\/index.php?rest_route=\/wp\/v2\/types\/page"}],"author":[{"embeddable":true,"href":"https:\/\/gotasdrocio.com\/index.php?rest_route=\/wp\/v2\/users\/1"}],"replies":[{"embeddable":true,"href":"https:\/\/gotasdrocio.com\/index.php?rest_route=%2Fwp%2Fv2%2Fcomments&post=137"}],"version-history":[{"count":2,"href":"https:\/\/gotasdrocio.com\/index.php?rest_route=\/wp\/v2\/pages\/137\/revisions"}],"predecessor-version":[{"id":147,"href":"https:\/\/gotasdrocio.com\/index.php?rest_route=\/wp\/v2\/pages\/137\/revisions\/147"}],"wp:featuredmedia":[{"embeddable":true,"href":"https:\/\/gotasdrocio.com\/index.php?rest_route=\/wp\/v2\/media\/141"}],"wp:attachment":[{"href":"https:\/\/gotasdrocio.com\/index.php?rest_route=%2Fwp%2Fv2%2Fmedia&parent=137"}],"curies":[{"name":"wp","href":"https:\/\/api.w.org\/{rel}","templated":true}]}}