{"id":157,"date":"2024-12-03T13:21:20","date_gmt":"2024-12-03T13:21:20","guid":{"rendered":"https:\/\/gotasdrocio.com\/?page_id=157"},"modified":"2024-12-16T13:10:33","modified_gmt":"2024-12-16T13:10:33","slug":"informacion-nutricional","status":"publish","type":"page","link":"https:\/\/gotasdrocio.com\/?page_id=157","title":{"rendered":"Informaci\u00f3n nutricional"},"content":{"rendered":"\n<figure class=\"wp-block-pullquote\"><blockquote><p>Verm\u00fa ISIDR\u00cdN<br>Verm\u00fa Isidr\u00edn se ha elaborado con un coupage de vinos tintos de la D.O Arlanza con variedades tinta del pa\u00eds garnacha y merlot con una crianza de 12 meses en barrica de roble franc\u00e9s. Al cual se le ha a\u00f1adido un elixir elaborado por maceraci\u00f3n de bot\u00e1nicos deshidratados, c\u00e1scara de naranja y lim\u00f3n, hojas de laurel, cardamomo, an\u00eds estrellado, enebro de los sabinares de la zona, c\u00e1scara de pomelo fresca\u2026 Se ha endulzado con miel del valle del Arlanza.<\/p><\/blockquote><\/figure>\n\n\n\n<p>INGREDIENTES Y AL\u00c9RGENOS<\/p>\n\n\n\n<ul><li>Vino, alcohol de origen vinico az\u00facar, miel &nbsp;alcohol, bot\u00e1nicos naturales, colorante: caramelo E150b, Contiene&nbsp;Sulfitos<\/li><\/ul>\n\n\n\n<p>NUTRIENTES<\/p>\n\n\n\n<figure class=\"wp-block-table\"><table><tbody><tr><td><\/td><td>100 Mililitros<\/td><\/tr><tr><td><\/td><td>Cantidad\/Unidad (VRN)<\/td><\/tr><tr><td>Valor energ\u00e9tico<\/td><td>557 kJ &#8211;<\/td><\/tr><tr><td>Valor energ\u00e9tico<\/td><td>133 kcal &#8211;<\/td><\/tr><tr><td>Grasas<\/td><td>0 g &#8211;<\/td><\/tr><tr><td>De los cuales<\/td><td><\/td><\/tr><tr><td>&#8211; saturadas<\/td><td>0 g &#8211;<\/td><\/tr><tr><td>Hidratos de carbono<\/td><td>12 g &#8211;<\/td><\/tr><tr><td>De los cuales<\/td><td><\/td><\/tr><tr><td>&#8211; Az\u00facares<\/td><td>12 g &#8211;<\/td><\/tr><tr><td>Prote\u00ednas<\/td><td>0 g &#8211;<\/td><\/tr><tr><td>Sal<\/td><td>0 g &#8211;<\/td><\/tr><\/tbody><\/table><\/figure>\n\n\n\n<p>FICHA T\u00c9CNICA<\/p>\n\n\n\n<figure class=\"wp-block-table\"><table><tbody><tr><td><strong>Categor\u00eda:<\/strong><strong><\/strong><\/td><td>Vermut y aperitivos&nbsp;(Otras Bebidas)<\/td><\/tr><tr><td><strong>Productor:<\/strong><strong><\/strong><\/td><td>Javier Esteban Araujo R.E 8684 P00 para Bodega Gotas de Roc\u00edo en Torquemada.<\/td><\/tr><tr><td><strong>Volumen:<\/strong><strong><\/strong><\/td><td>75cl&nbsp;<\/td><\/tr><tr><td><strong>Vol. De Alcohol:<\/strong><strong><\/strong><\/td><td>15%<\/td><\/tr><tr><td><strong>Pa\u00eds:<\/strong><strong><\/strong><\/td><td>Espa\u00f1a<\/td><\/tr><tr><td><strong>Tipo De Vermut:<\/strong><strong><\/strong><\/td><td>Rojo con vino tinto<\/td><\/tr><\/tbody><\/table><\/figure>\n\n\n\n<figure class=\"wp-block-gallery has-nested-images columns-default is-cropped\">\n<figure class=\"wp-block-image size-large\"><img loading=\"lazy\" width=\"666\" height=\"897\" data-id=\"164\"  src=\"https:\/\/gotasdrocio.com\/wp-content\/uploads\/2024\/12\/1733232176268.jpg\" alt=\"\" class=\"wp-image-164\" srcset=\"https:\/\/gotasdrocio.com\/wp-content\/uploads\/2024\/12\/1733232176268.jpg 666w, https:\/\/gotasdrocio.com\/wp-content\/uploads\/2024\/12\/1733232176268-223x300.jpg 223w\" sizes=\"(max-width: 666px) 100vw, 666px\" \/><\/figure>\n\n\n\n<figure class=\"wp-block-image size-large\"><img loading=\"lazy\" width=\"771\" height=\"1024\" data-id=\"163\"  src=\"https:\/\/gotasdrocio.com\/wp-content\/uploads\/2024\/12\/1733232176273-771x1024.jpg\" alt=\"\" class=\"wp-image-163\" srcset=\"https:\/\/gotasdrocio.com\/wp-content\/uploads\/2024\/12\/1733232176273-771x1024.jpg 771w, https:\/\/gotasdrocio.com\/wp-content\/uploads\/2024\/12\/1733232176273-226x300.jpg 226w, https:\/\/gotasdrocio.com\/wp-content\/uploads\/2024\/12\/1733232176273-768x1021.jpg 768w, https:\/\/gotasdrocio.com\/wp-content\/uploads\/2024\/12\/1733232176273-1156x1536.jpg 1156w, https:\/\/gotasdrocio.com\/wp-content\/uploads\/2024\/12\/1733232176273.jpg 1204w\" sizes=\"(max-width: 767px) 89vw, (max-width: 1000px) 54vw, (max-width: 1071px) 543px, 580px\" \/><\/figure>\n<\/figure>\n\n\n\n<hr class=\"wp-block-separator\"\/>\n\n\n\n<hr class=\"wp-block-separator\"\/>\n\n\n\n<h2>VINOS TINTOS<\/h2>\n\n\n\n<p>NUTRIENTES<\/p>\n\n\n\n<figure class=\"wp-block-table\"><table><tbody><tr><td><\/td><td>100 Mililitros<\/td><\/tr><tr><td><\/td><td>Cantidad\/Unidad (VRN)<\/td><\/tr><tr><td>Valor energ\u00e9tico<\/td><td>354 kJ \u2013<\/td><\/tr><tr><td>Valor energ\u00e9tico<\/td><td>85 kcal \u2013<\/td><\/tr><tr><td>Grasas<\/td><td>0 g \u2013<\/td><\/tr><tr><td>De los cuales<\/td><td><\/td><\/tr><tr><td>\u2013 saturadas<\/td><td>0 g \u2013<\/td><\/tr><tr><td>Hidratos de carbono<\/td><td>2,59 g \u2013<\/td><\/tr><tr><td>De los cuales<\/td><td><\/td><\/tr><tr><td>\u2013 Az\u00facares<\/td><td>0,62 g \u2013<\/td><\/tr><tr><td>Prote\u00ednas<\/td><td>0,07 g \u2013<\/td><\/tr><tr><td>Sal<\/td><td>0 g \u2013<\/td><\/tr><\/tbody><\/table><\/figure>\n\n\n\n<figure class=\"wp-block-gallery has-nested-images columns-default is-cropped\">\n<figure class=\"wp-block-image size-large\"><img loading=\"lazy\" width=\"768\" height=\"1024\" data-id=\"175\"  src=\"https:\/\/gotasdrocio.com\/wp-content\/uploads\/2024\/12\/817a2a85-b95e-4255-9967-1b4afaa21a9a-768x1024.jpeg\" alt=\"\" class=\"wp-image-175\" srcset=\"https:\/\/gotasdrocio.com\/wp-content\/uploads\/2024\/12\/817a2a85-b95e-4255-9967-1b4afaa21a9a-768x1024.jpeg 768w, https:\/\/gotasdrocio.com\/wp-content\/uploads\/2024\/12\/817a2a85-b95e-4255-9967-1b4afaa21a9a-225x300.jpeg 225w, https:\/\/gotasdrocio.com\/wp-content\/uploads\/2024\/12\/817a2a85-b95e-4255-9967-1b4afaa21a9a-1152x1536.jpeg 1152w, https:\/\/gotasdrocio.com\/wp-content\/uploads\/2024\/12\/817a2a85-b95e-4255-9967-1b4afaa21a9a.jpeg 1536w\" sizes=\"(max-width: 767px) 89vw, (max-width: 1000px) 54vw, (max-width: 1071px) 543px, 580px\" \/><\/figure>\n\n\n\n<figure class=\"wp-block-image size-large\"><img loading=\"lazy\" width=\"768\" height=\"1024\" data-id=\"174\"  src=\"https:\/\/gotasdrocio.com\/wp-content\/uploads\/2024\/12\/2547acdc-c38a-4a55-b045-fcbbd01cee13-768x1024.jpg\" alt=\"\" class=\"wp-image-174\" srcset=\"https:\/\/gotasdrocio.com\/wp-content\/uploads\/2024\/12\/2547acdc-c38a-4a55-b045-fcbbd01cee13-768x1024.jpg 768w, https:\/\/gotasdrocio.com\/wp-content\/uploads\/2024\/12\/2547acdc-c38a-4a55-b045-fcbbd01cee13-225x300.jpg 225w, https:\/\/gotasdrocio.com\/wp-content\/uploads\/2024\/12\/2547acdc-c38a-4a55-b045-fcbbd01cee13-1152x1536.jpg 1152w, https:\/\/gotasdrocio.com\/wp-content\/uploads\/2024\/12\/2547acdc-c38a-4a55-b045-fcbbd01cee13.jpg 1200w\" sizes=\"(max-width: 767px) 89vw, (max-width: 1000px) 54vw, (max-width: 1071px) 543px, 580px\" \/><\/figure>\n<\/figure>\n\n\n\n<hr class=\"wp-block-separator\"\/>\n\n\n\n<hr class=\"wp-block-separator\"\/>\n\n\n\n<h2>Rueda \/ Verdejo<\/h2>\n\n\n\n<p>NUTRIENTES<\/p>\n\n\n\n<figure class=\"wp-block-table\"><table><tbody><tr><td><\/td><td>100 Mililitros<\/td><\/tr><tr><td><\/td><td>Cantidad\/Unidad (VRN)<\/td><\/tr><tr><td>Valor energ\u00e9tico<\/td><td>167 kJ \u2013<\/td><\/tr><tr><td>Valor energ\u00e9tico<\/td><td>40 kcal \u2013<\/td><\/tr><tr><td>Grasas<\/td><td>0 g \u2013<\/td><\/tr><tr><td>De los cuales<\/td><td><\/td><\/tr><tr><td>\u2013 saturadas<\/td><td>0 g \u2013<\/td><\/tr><tr><td>Hidratos de carbono<\/td><td>9 g \u2013<\/td><\/tr><tr><td>De los cuales<\/td><td><\/td><\/tr><tr><td>\u2013 Az\u00facares<\/td><td>0 g \u2013<\/td><\/tr><tr><td>Prote\u00ednas<\/td><td>0 g \u2013<\/td><\/tr><tr><td>Sal<\/td><td>0 g \u2013<\/td><\/tr><\/tbody><\/table><\/figure>\n\n\n\n<figure class=\"wp-block-gallery has-nested-images columns-default is-cropped\">\n<figure class=\"wp-block-image size-large\"><img loading=\"lazy\" width=\"768\" height=\"1024\" data-id=\"178\"  src=\"https:\/\/gotasdrocio.com\/wp-content\/uploads\/2024\/12\/P71104-122445-1-768x1024.jpg\" alt=\"\" class=\"wp-image-178\" srcset=\"https:\/\/gotasdrocio.com\/wp-content\/uploads\/2024\/12\/P71104-122445-1-768x1024.jpg 768w, https:\/\/gotasdrocio.com\/wp-content\/uploads\/2024\/12\/P71104-122445-1-225x300.jpg 225w, https:\/\/gotasdrocio.com\/wp-content\/uploads\/2024\/12\/P71104-122445-1-1152x1536.jpg 1152w, https:\/\/gotasdrocio.com\/wp-content\/uploads\/2024\/12\/P71104-122445-1-1536x2048.jpg 1536w, https:\/\/gotasdrocio.com\/wp-content\/uploads\/2024\/12\/P71104-122445-1-scaled.jpg 1920w\" sizes=\"(max-width: 767px) 89vw, (max-width: 1000px) 54vw, (max-width: 1071px) 543px, 580px\" \/><\/figure>\n<\/figure>\n\n\n\n<hr class=\"wp-block-separator\"\/>\n\n\n\n<hr class=\"wp-block-separator\"\/>\n\n\n\n<h2>Rosado<\/h2>\n\n\n\n<p>NUTRIENTES<\/p>\n\n\n\n<figure class=\"wp-block-table\"><table><tbody><tr><td><\/td><td>100 Mililitros<\/td><\/tr><tr><td><\/td><td>Cantidad\/Unidad (VRN)<\/td><\/tr><tr><td>Valor energ\u00e9tico<\/td><td>306 kJ \u2013<\/td><\/tr><tr><td>Valor energ\u00e9tico<\/td><td>73 kcal \u2013<\/td><\/tr><tr><td>Grasas<\/td><td>0 g \u2013<\/td><\/tr><tr><td>De los cuales<\/td><td><\/td><\/tr><tr><td>\u2013 saturadas<\/td><td>0 g \u2013<\/td><\/tr><tr><td>Hidratos de carbono<\/td><td>4,24 g \u2013<\/td><\/tr><tr><td>De los cuales<\/td><td><\/td><\/tr><tr><td>\u2013 Az\u00facares<\/td><td>1,11 g \u2013<\/td><\/tr><tr><td>Prote\u00ednas<\/td><td>0,25 g \u2013<\/td><\/tr><tr><td>Sal<\/td><td>0,64 g \u2013<\/td><\/tr><\/tbody><\/table><\/figure>\n\n\n\n<figure class=\"wp-block-gallery has-nested-images columns-default is-cropped\">\n<figure class=\"wp-block-image size-large\"><img loading=\"lazy\" width=\"768\" height=\"1024\" data-id=\"179\"  src=\"https:\/\/gotasdrocio.com\/wp-content\/uploads\/2024\/12\/P71104-122417-768x1024.jpg\" alt=\"\" class=\"wp-image-179\" srcset=\"https:\/\/gotasdrocio.com\/wp-content\/uploads\/2024\/12\/P71104-122417-768x1024.jpg 768w, https:\/\/gotasdrocio.com\/wp-content\/uploads\/2024\/12\/P71104-122417-225x300.jpg 225w, https:\/\/gotasdrocio.com\/wp-content\/uploads\/2024\/12\/P71104-122417-1152x1536.jpg 1152w, https:\/\/gotasdrocio.com\/wp-content\/uploads\/2024\/12\/P71104-122417-1536x2048.jpg 1536w, https:\/\/gotasdrocio.com\/wp-content\/uploads\/2024\/12\/P71104-122417-scaled.jpg 1920w\" sizes=\"(max-width: 767px) 89vw, (max-width: 1000px) 54vw, (max-width: 1071px) 543px, 580px\" \/><\/figure>\n<\/figure>\n\n\n\n<hr class=\"wp-block-separator\"\/>\n\n\n\n<hr class=\"wp-block-separator\"\/>\n","protected":false},"excerpt":{"rendered":"<p>Verm\u00fa ISIDR\u00cdNVerm\u00fa Isidr\u00edn se ha elaborado con un coupage de vinos tintos de la D.O Arlanza con variedades tinta del pa\u00eds garnacha y merlot con una crianza de 12 meses en barrica de roble franc\u00e9s. Al cual se le ha a\u00f1adido un elixir elaborado por maceraci\u00f3n de bot\u00e1nicos deshidratados, c\u00e1scara de naranja y lim\u00f3n, hojas &hellip; <\/p>\n<p class=\"link-more\"><a href=\"https:\/\/gotasdrocio.com\/?page_id=157\" class=\"more-link\">Continuar leyendo<span class=\"screen-reader-text\"> \u00abInformaci\u00f3n nutricional\u00bb<\/span><\/a><\/p>\n","protected":false},"author":1,"featured_media":0,"parent":0,"menu_order":0,"comment_status":"closed","ping_status":"closed","template":"","meta":{"om_disable_all_campaigns":false,"_monsterinsights_skip_tracking":false,"_monsterinsights_sitenote_active":false,"_monsterinsights_sitenote_note":"","_monsterinsights_sitenote_category":0},"_links":{"self":[{"href":"https:\/\/gotasdrocio.com\/index.php?rest_route=\/wp\/v2\/pages\/157"}],"collection":[{"href":"https:\/\/gotasdrocio.com\/index.php?rest_route=\/wp\/v2\/pages"}],"about":[{"href":"https:\/\/gotasdrocio.com\/index.php?rest_route=\/wp\/v2\/types\/page"}],"author":[{"embeddable":true,"href":"https:\/\/gotasdrocio.com\/index.php?rest_route=\/wp\/v2\/users\/1"}],"replies":[{"embeddable":true,"href":"https:\/\/gotasdrocio.com\/index.php?rest_route=%2Fwp%2Fv2%2Fcomments&post=157"}],"version-history":[{"count":5,"href":"https:\/\/gotasdrocio.com\/index.php?rest_route=\/wp\/v2\/pages\/157\/revisions"}],"predecessor-version":[{"id":180,"href":"https:\/\/gotasdrocio.com\/index.php?rest_route=\/wp\/v2\/pages\/157\/revisions\/180"}],"wp:attachment":[{"href":"https:\/\/gotasdrocio.com\/index.php?rest_route=%2Fwp%2Fv2%2Fmedia&parent=157"}],"curies":[{"name":"wp","href":"https:\/\/api.w.org\/{rel}","templated":true}]}}