{"id":181,"date":"2024-12-16T13:17:08","date_gmt":"2024-12-16T13:17:08","guid":{"rendered":"https:\/\/gotasdrocio.com\/?page_id=181"},"modified":"2024-12-16T13:24:48","modified_gmt":"2024-12-16T13:24:48","slug":"el-perfume-del-almendro","status":"publish","type":"page","link":"https:\/\/gotasdrocio.com\/?page_id=181","title":{"rendered":"El perfume del Almendro"},"content":{"rendered":"\n<figure class=\"wp-block-gallery has-nested-images columns-default is-cropped\">\n<figure class=\"wp-block-image size-large\"><img loading=\"lazy\" width=\"368\" height=\"128\" data-id=\"185\"  src=\"https:\/\/gotasdrocio.com\/wp-content\/uploads\/2024\/12\/header.jpg\" alt=\"\" class=\"wp-image-185\" srcset=\"https:\/\/gotasdrocio.com\/wp-content\/uploads\/2024\/12\/header.jpg 368w, https:\/\/gotasdrocio.com\/wp-content\/uploads\/2024\/12\/header-300x104.jpg 300w\" sizes=\"(max-width: 368px) 100vw, 368px\" \/><\/figure>\n<figcaption class=\"blocks-gallery-caption\">La Casa Rural&nbsp;<strong>EL PERFUME DEL<\/strong><br><strong>ALMENDRO<\/strong>&nbsp;est\u00e1 Ubicada en la<br>localidad Burgalesa de Quintanilla del<br>Agua, en pleno Valle del Arlanza, para<br>aquellos que est\u00e9is deseosos de<br>naturaleza, tranquilidad y el ambiente<br>sano de un pueblo castellano lo hab\u00e9is<br>encontrado..<\/figcaption><\/figure>\n\n\n\n<p><a href=\"https:\/\/www.elperfumedelalmendro.com\/la-casa\/\">https:\/\/www.elperfumedelalmendro.com\/la-casa\/<\/a><\/p>\n\n\n\n<figure class=\"wp-block-gallery has-nested-images columns-default is-cropped\">\n<figure class=\"wp-block-image size-large\"><img loading=\"lazy\" width=\"364\" height=\"138\" data-id=\"186\"  src=\"https:\/\/gotasdrocio.com\/wp-content\/uploads\/2024\/12\/images.jpeg\" alt=\"\" class=\"wp-image-186\" srcset=\"https:\/\/gotasdrocio.com\/wp-content\/uploads\/2024\/12\/images.jpeg 364w, https:\/\/gotasdrocio.com\/wp-content\/uploads\/2024\/12\/images-300x114.jpeg 300w\" sizes=\"(max-width: 364px) 100vw, 364px\" \/><\/figure>\n<figcaption class=\"blocks-gallery-caption\">Es una construcci\u00f3n nueva, hecha<br>con mucho mimo y cari\u00f1o, por sus<br>propietarios,&nbsp; amantes del entorno<br>rural de su pueblo que emigraron<br>a la gran ciudad.<br>Con&nbsp; capacidad&nbsp; para 10 personas<br><br>cuenta con dos plantas de vivienda<br>y una planta m\u00e1s, dedicada al ocio<br>y al relax, un merendero con su<br>&nbsp;zona de asado, y una zona<br>ajardinada, que anima a la<br>distracci\u00f3n y al relax.<\/figcaption><\/figure>\n\n\n\n<p><a href=\"https:\/\/www.elperfumedelalmendro.com\/la-casa\/\">https:\/\/www.elperfumedelalmendro.com\/la-casa\/<\/a><\/p>\n\n\n\n<figure class=\"wp-block-gallery has-nested-images columns-default is-cropped\">\n<figure class=\"wp-block-image size-large\"><img loading=\"lazy\" width=\"576\" height=\"768\" data-id=\"188\"  src=\"https:\/\/gotasdrocio.com\/wp-content\/uploads\/2024\/12\/146726325.jpg\" alt=\"\" class=\"wp-image-188\" srcset=\"https:\/\/gotasdrocio.com\/wp-content\/uploads\/2024\/12\/146726325.jpg 576w, https:\/\/gotasdrocio.com\/wp-content\/uploads\/2024\/12\/146726325-225x300.jpg 225w\" sizes=\"(max-width: 576px) 100vw, 576px\" \/><\/figure>\n\n\n\n<figure class=\"wp-block-image size-large\"><img loading=\"lazy\" width=\"1024\" height=\"768\" data-id=\"189\"  src=\"https:\/\/gotasdrocio.com\/wp-content\/uploads\/2024\/12\/cimg2619-1024x768.jpg\" alt=\"\" class=\"wp-image-189\" srcset=\"https:\/\/gotasdrocio.com\/wp-content\/uploads\/2024\/12\/cimg2619-1024x768.jpg 1024w, https:\/\/gotasdrocio.com\/wp-content\/uploads\/2024\/12\/cimg2619-300x225.jpg 300w, https:\/\/gotasdrocio.com\/wp-content\/uploads\/2024\/12\/cimg2619-768x576.jpg 768w, https:\/\/gotasdrocio.com\/wp-content\/uploads\/2024\/12\/cimg2619.jpg 1280w\" sizes=\"(max-width: 767px) 89vw, (max-width: 1000px) 54vw, (max-width: 1071px) 543px, 580px\" \/><\/figure>\n<\/figure>\n\n\n\n<figure class=\"wp-block-gallery has-nested-images columns-default is-cropped\">\n<figure class=\"wp-block-image size-large\"><img loading=\"lazy\" width=\"1024\" height=\"768\" data-id=\"190\"  src=\"https:\/\/gotasdrocio.com\/wp-content\/uploads\/2024\/12\/146726349.jpg\" alt=\"\" class=\"wp-image-190\" srcset=\"https:\/\/gotasdrocio.com\/wp-content\/uploads\/2024\/12\/146726349.jpg 1024w, https:\/\/gotasdrocio.com\/wp-content\/uploads\/2024\/12\/146726349-300x225.jpg 300w, https:\/\/gotasdrocio.com\/wp-content\/uploads\/2024\/12\/146726349-768x576.jpg 768w\" sizes=\"(max-width: 767px) 89vw, (max-width: 1000px) 54vw, (max-width: 1071px) 543px, 580px\" \/><\/figure>\n\n\n\n<figure class=\"wp-block-image size-large\"><img loading=\"lazy\" width=\"1024\" height=\"768\" data-id=\"192\"  src=\"https:\/\/gotasdrocio.com\/wp-content\/uploads\/2024\/12\/368019907.jpg\" alt=\"\" class=\"wp-image-192\" srcset=\"https:\/\/gotasdrocio.com\/wp-content\/uploads\/2024\/12\/368019907.jpg 1024w, https:\/\/gotasdrocio.com\/wp-content\/uploads\/2024\/12\/368019907-300x225.jpg 300w, https:\/\/gotasdrocio.com\/wp-content\/uploads\/2024\/12\/368019907-768x576.jpg 768w\" sizes=\"(max-width: 767px) 89vw, (max-width: 1000px) 54vw, (max-width: 1071px) 543px, 580px\" \/><\/figure>\n\n\n\n<figure class=\"wp-block-image size-large\"><img loading=\"lazy\" width=\"1000\" height=\"749\" data-id=\"193\"  src=\"https:\/\/gotasdrocio.com\/wp-content\/uploads\/2024\/12\/1568135257.png\" alt=\"\" class=\"wp-image-193\" srcset=\"https:\/\/gotasdrocio.com\/wp-content\/uploads\/2024\/12\/1568135257.png 1000w, https:\/\/gotasdrocio.com\/wp-content\/uploads\/2024\/12\/1568135257-300x225.png 300w, https:\/\/gotasdrocio.com\/wp-content\/uploads\/2024\/12\/1568135257-768x575.png 768w\" sizes=\"(max-width: 767px) 89vw, (max-width: 1000px) 54vw, (max-width: 1071px) 543px, 580px\" \/><\/figure>\n\n\n\n<figure class=\"wp-block-image size-large\"><img loading=\"lazy\" width=\"853\" height=\"639\" data-id=\"191\"  src=\"https:\/\/gotasdrocio.com\/wp-content\/uploads\/2024\/12\/img_0932.jpg\" alt=\"\" class=\"wp-image-191\" srcset=\"https:\/\/gotasdrocio.com\/wp-content\/uploads\/2024\/12\/img_0932.jpg 853w, https:\/\/gotasdrocio.com\/wp-content\/uploads\/2024\/12\/img_0932-300x225.jpg 300w, https:\/\/gotasdrocio.com\/wp-content\/uploads\/2024\/12\/img_0932-768x575.jpg 768w\" sizes=\"(max-width: 767px) 89vw, (max-width: 1000px) 54vw, (max-width: 1071px) 543px, 580px\" \/><\/figure>\n<\/figure>\n","protected":false},"excerpt":{"rendered":"<p>https:\/\/www.elperfumedelalmendro.com\/la-casa\/ https:\/\/www.elperfumedelalmendro.com\/la-casa\/<\/p>\n","protected":false},"author":1,"featured_media":0,"parent":0,"menu_order":0,"comment_status":"closed","ping_status":"closed","template":"","meta":{"om_disable_all_campaigns":false,"_monsterinsights_skip_tracking":false,"_monsterinsights_sitenote_active":false,"_monsterinsights_sitenote_note":"","_monsterinsights_sitenote_category":0},"_links":{"self":[{"href":"https:\/\/gotasdrocio.com\/index.php?rest_route=\/wp\/v2\/pages\/181"}],"collection":[{"href":"https:\/\/gotasdrocio.com\/index.php?rest_route=\/wp\/v2\/pages"}],"about":[{"href":"https:\/\/gotasdrocio.com\/index.php?rest_route=\/wp\/v2\/types\/page"}],"author":[{"embeddable":true,"href":"https:\/\/gotasdrocio.com\/index.php?rest_route=\/wp\/v2\/users\/1"}],"replies":[{"embeddable":true,"href":"https:\/\/gotasdrocio.com\/index.php?rest_route=%2Fwp%2Fv2%2Fcomments&post=181"}],"version-history":[{"count":6,"href":"https:\/\/gotasdrocio.com\/index.php?rest_route=\/wp\/v2\/pages\/181\/revisions"}],"predecessor-version":[{"id":199,"href":"https:\/\/gotasdrocio.com\/index.php?rest_route=\/wp\/v2\/pages\/181\/revisions\/199"}],"wp:attachment":[{"href":"https:\/\/gotasdrocio.com\/index.php?rest_route=%2Fwp%2Fv2%2Fmedia&parent=181"}],"curies":[{"name":"wp","href":"https:\/\/api.w.org\/{rel}","templated":true}]}}