{"id":54,"date":"2022-03-17T17:38:07","date_gmt":"2022-03-17T17:38:07","guid":{"rendered":"http:\/\/gotasdrocio.com\/?page_id=54"},"modified":"2022-03-17T18:09:05","modified_gmt":"2022-03-17T18:09:05","slug":"rueda","status":"publish","type":"page","link":"https:\/\/gotasdrocio.com\/?page_id=54","title":{"rendered":"D.O. Rueda"},"content":{"rendered":"\n<p>Los vinos de Rueda blancos, variedad verdejo, tienen en nariz y en boca matices de hierba de monte bajo, con toques afrutados y una excelente acidez. El extracto, se percibe por su volumen y su t\u00edpico toque amargoso, acompa\u00f1ado de una intensa expresi\u00f3n frutal, que dota a los vinos de aran armon\u00eda.<\/p>\n\n\n\n<p>Son vinos de color amarillo pajizo, con gran potencial arom\u00e1tico y muy elegante en nariz. Aromas frutales con matices anisados y a hinojo. Con cuerpo y estrudura al paladar, con gran frutuosidad as\u00ed como un toque amargoso caracter\u00edstico de la variedad. Vinos secos y con una graduaci\u00f3n m\u00ednima de 11,5\u00b0.<\/p>\n\n\n\n<figure class=\"wp-block-embed is-type-video is-provider-youtube wp-block-embed-youtube wp-embed-aspect-4-3 wp-has-aspect-ratio\"><div class=\"wp-block-embed__wrapper\">\n<iframe loading=\"lazy\" title=\"Vinos Blancos de Rueda - El Car\u00e1cter\" width=\"525\" height=\"394\" src=\"https:\/\/www.youtube.com\/embed\/EUiFCS_hiyQ?feature=oembed\" frameborder=\"0\" allow=\"accelerometer; autoplay; clipboard-write; encrypted-media; gyroscope; picture-in-picture\" allowfullscreen><\/iframe>\n<\/div><\/figure>\n","protected":false},"excerpt":{"rendered":"<p>Los vinos de Rueda blancos, variedad verdejo, tienen en nariz y en boca matices de hierba de monte bajo, con toques afrutados y una excelente acidez. El extracto, se percibe por su volumen y su t\u00edpico toque amargoso, acompa\u00f1ado de una intensa expresi\u00f3n frutal, que dota a los vinos de aran armon\u00eda. Son vinos de &hellip; <\/p>\n<p class=\"link-more\"><a href=\"https:\/\/gotasdrocio.com\/?page_id=54\" class=\"more-link\">Continuar leyendo<span class=\"screen-reader-text\"> \u00abD.O. Rueda\u00bb<\/span><\/a><\/p>\n","protected":false},"author":1,"featured_media":72,"parent":0,"menu_order":0,"comment_status":"closed","ping_status":"closed","template":"","meta":{"om_disable_all_campaigns":false,"_monsterinsights_skip_tracking":false,"_monsterinsights_sitenote_active":false,"_monsterinsights_sitenote_note":"","_monsterinsights_sitenote_category":0},"_links":{"self":[{"href":"https:\/\/gotasdrocio.com\/index.php?rest_route=\/wp\/v2\/pages\/54"}],"collection":[{"href":"https:\/\/gotasdrocio.com\/index.php?rest_route=\/wp\/v2\/pages"}],"about":[{"href":"https:\/\/gotasdrocio.com\/index.php?rest_route=\/wp\/v2\/types\/page"}],"author":[{"embeddable":true,"href":"https:\/\/gotasdrocio.com\/index.php?rest_route=\/wp\/v2\/users\/1"}],"replies":[{"embeddable":true,"href":"https:\/\/gotasdrocio.com\/index.php?rest_route=%2Fwp%2Fv2%2Fcomments&post=54"}],"version-history":[{"count":3,"href":"https:\/\/gotasdrocio.com\/index.php?rest_route=\/wp\/v2\/pages\/54\/revisions"}],"predecessor-version":[{"id":90,"href":"https:\/\/gotasdrocio.com\/index.php?rest_route=\/wp\/v2\/pages\/54\/revisions\/90"}],"wp:featuredmedia":[{"embeddable":true,"href":"https:\/\/gotasdrocio.com\/index.php?rest_route=\/wp\/v2\/media\/72"}],"wp:attachment":[{"href":"https:\/\/gotasdrocio.com\/index.php?rest_route=%2Fwp%2Fv2%2Fmedia&parent=54"}],"curies":[{"name":"wp","href":"https:\/\/api.w.org\/{rel}","templated":true}]}}