{"id":55,"date":"2022-03-17T17:38:07","date_gmt":"2022-03-17T17:38:07","guid":{"rendered":"http:\/\/gotasdrocio.com\/?page_id=55"},"modified":"2024-12-03T13:30:28","modified_gmt":"2024-12-03T13:30:28","slug":"catalogo","status":"publish","type":"page","link":"https:\/\/gotasdrocio.com\/?page_id=55","title":{"rendered":"Cat\u00e1logo"},"content":{"rendered":"\n<div class=\"wp-block-media-text alignwide is-stacked-on-mobile\"><figure class=\"wp-block-media-text__media\"><img loading=\"lazy\" width=\"768\" height=\"1024\" src=\"https:\/\/gotasdrocio.com\/wp-content\/uploads\/2024\/06\/817a2a85-b95e-4255-9967-1b4afaa21a9a-768x1024.jpeg\" alt=\"\" class=\"wp-image-149 size-full\" srcset=\"https:\/\/gotasdrocio.com\/wp-content\/uploads\/2024\/06\/817a2a85-b95e-4255-9967-1b4afaa21a9a-768x1024.jpeg 768w, https:\/\/gotasdrocio.com\/wp-content\/uploads\/2024\/06\/817a2a85-b95e-4255-9967-1b4afaa21a9a-225x300.jpeg 225w, https:\/\/gotasdrocio.com\/wp-content\/uploads\/2024\/06\/817a2a85-b95e-4255-9967-1b4afaa21a9a-1152x1536.jpeg 1152w, https:\/\/gotasdrocio.com\/wp-content\/uploads\/2024\/06\/817a2a85-b95e-4255-9967-1b4afaa21a9a.jpeg 1536w\" sizes=\"(max-width: 767px) 89vw, (max-width: 1000px) 54vw, (max-width: 1071px) 543px, 580px\" \/><\/figure><div class=\"wp-block-media-text__content\">\n<p class=\"has-large-font-size\">Brib\u00f3n<\/p>\n<\/div><\/div>\n\n\n\n<div class=\"wp-block-media-text alignwide is-stacked-on-mobile\"><figure class=\"wp-block-media-text__media\"><img loading=\"lazy\" width=\"768\" height=\"1024\" src=\"http:\/\/gotasdrocio.com\/wp-content\/uploads\/2022\/03\/P71104-122338-768x1024.jpg\" alt=\"\" class=\"wp-image-84 size-full\" srcset=\"https:\/\/gotasdrocio.com\/wp-content\/uploads\/2022\/03\/P71104-122338-768x1024.jpg 768w, https:\/\/gotasdrocio.com\/wp-content\/uploads\/2022\/03\/P71104-122338-225x300.jpg 225w, https:\/\/gotasdrocio.com\/wp-content\/uploads\/2022\/03\/P71104-122338-1152x1536.jpg 1152w, https:\/\/gotasdrocio.com\/wp-content\/uploads\/2022\/03\/P71104-122338-1536x2048.jpg 1536w, https:\/\/gotasdrocio.com\/wp-content\/uploads\/2022\/03\/P71104-122338-scaled.jpg 1920w\" sizes=\"(max-width: 767px) 89vw, (max-width: 1000px) 54vw, (max-width: 1071px) 543px, 580px\" \/><\/figure><div class=\"wp-block-media-text__content\">\n<p class=\"has-large-font-size\">Tinto Roble<\/p>\n<\/div><\/div>\n\n\n\n<hr class=\"wp-block-separator\"\/>\n\n\n\n<div class=\"wp-block-media-text alignwide is-stacked-on-mobile\"><figure class=\"wp-block-media-text__media\"><img loading=\"lazy\" width=\"768\" height=\"1024\" src=\"http:\/\/gotasdrocio.com\/wp-content\/uploads\/2022\/03\/img-20171101-wa00031-ts1509553056-768x1024.jpg\" alt=\"\" class=\"wp-image-76 size-full\" srcset=\"https:\/\/gotasdrocio.com\/wp-content\/uploads\/2022\/03\/img-20171101-wa00031-ts1509553056-768x1024.jpg 768w, https:\/\/gotasdrocio.com\/wp-content\/uploads\/2022\/03\/img-20171101-wa00031-ts1509553056-225x300.jpg 225w, https:\/\/gotasdrocio.com\/wp-content\/uploads\/2022\/03\/img-20171101-wa00031-ts1509553056-1152x1536.jpg 1152w, https:\/\/gotasdrocio.com\/wp-content\/uploads\/2022\/03\/img-20171101-wa00031-ts1509553056.jpg 1200w\" sizes=\"(max-width: 767px) 89vw, (max-width: 1000px) 54vw, (max-width: 1071px) 543px, 580px\" \/><\/figure><div class=\"wp-block-media-text__content\">\n<p class=\"has-large-font-size\">Tinto Autor<\/p>\n<\/div><\/div>\n\n\n\n<hr class=\"wp-block-separator\"\/>\n\n\n\n<div class=\"wp-block-media-text alignwide is-stacked-on-mobile\"><figure class=\"wp-block-media-text__media\"><img loading=\"lazy\" width=\"768\" height=\"1024\" src=\"http:\/\/gotasdrocio.com\/wp-content\/uploads\/2022\/03\/IMG-20180206-WA0009.jpg\" alt=\"\" class=\"wp-image-85 size-full\" srcset=\"https:\/\/gotasdrocio.com\/wp-content\/uploads\/2022\/03\/IMG-20180206-WA0009.jpg 768w, https:\/\/gotasdrocio.com\/wp-content\/uploads\/2022\/03\/IMG-20180206-WA0009-225x300.jpg 225w\" sizes=\"(max-width: 767px) 89vw, (max-width: 1000px) 54vw, (max-width: 1071px) 543px, 580px\" \/><\/figure><div class=\"wp-block-media-text__content\">\n<p class=\"has-large-font-size\">Tinto Crianza<\/p>\n<\/div><\/div>\n\n\n\n<hr class=\"wp-block-separator\"\/>\n\n\n\n<div class=\"wp-block-media-text alignwide is-stacked-on-mobile\"><figure class=\"wp-block-media-text__media\"><img loading=\"lazy\" width=\"768\" height=\"1024\" src=\"http:\/\/gotasdrocio.com\/wp-content\/uploads\/2022\/03\/2547acdc-c38a-4a55-b045-fcbbd01cee13-768x1024.jpg\" alt=\"\" class=\"wp-image-78 size-full\" srcset=\"https:\/\/gotasdrocio.com\/wp-content\/uploads\/2022\/03\/2547acdc-c38a-4a55-b045-fcbbd01cee13-768x1024.jpg 768w, https:\/\/gotasdrocio.com\/wp-content\/uploads\/2022\/03\/2547acdc-c38a-4a55-b045-fcbbd01cee13-225x300.jpg 225w, https:\/\/gotasdrocio.com\/wp-content\/uploads\/2022\/03\/2547acdc-c38a-4a55-b045-fcbbd01cee13-1152x1536.jpg 1152w, https:\/\/gotasdrocio.com\/wp-content\/uploads\/2022\/03\/2547acdc-c38a-4a55-b045-fcbbd01cee13.jpg 1200w\" sizes=\"(max-width: 767px) 89vw, (max-width: 1000px) 54vw, (max-width: 1071px) 543px, 580px\" \/><\/figure><div class=\"wp-block-media-text__content\">\n<p class=\"has-large-font-size\">Tesoro Escondido<\/p>\n<\/div><\/div>\n\n\n\n<hr class=\"wp-block-separator\"\/>\n\n\n\n<div class=\"wp-block-media-text alignwide is-stacked-on-mobile\"><figure class=\"wp-block-media-text__media\"><img loading=\"lazy\" width=\"768\" height=\"1024\" src=\"http:\/\/gotasdrocio.com\/wp-content\/uploads\/2022\/03\/img-20171101-wa00041-ts1509552654-768x1024.jpg\" alt=\"\" class=\"wp-image-79 size-full\" srcset=\"https:\/\/gotasdrocio.com\/wp-content\/uploads\/2022\/03\/img-20171101-wa00041-ts1509552654-768x1024.jpg 768w, https:\/\/gotasdrocio.com\/wp-content\/uploads\/2022\/03\/img-20171101-wa00041-ts1509552654-225x300.jpg 225w, https:\/\/gotasdrocio.com\/wp-content\/uploads\/2022\/03\/img-20171101-wa00041-ts1509552654-1152x1536.jpg 1152w, https:\/\/gotasdrocio.com\/wp-content\/uploads\/2022\/03\/img-20171101-wa00041-ts1509552654.jpg 1200w\" sizes=\"(max-width: 767px) 89vw, (max-width: 1000px) 54vw, (max-width: 1071px) 543px, 580px\" \/><\/figure><div class=\"wp-block-media-text__content\">\n<p class=\"has-large-font-size\">Verdejo<\/p>\n<\/div><\/div>\n\n\n\n<hr class=\"wp-block-separator\"\/>\n\n\n\n<div class=\"wp-block-media-text alignwide is-stacked-on-mobile\"><figure class=\"wp-block-media-text__media\"><img loading=\"lazy\" width=\"768\" height=\"1024\" src=\"http:\/\/gotasdrocio.com\/wp-content\/uploads\/2022\/03\/img-20171101-wa00061-ts1509552676-768x1024.jpg\" alt=\"\" class=\"wp-image-80 size-full\" srcset=\"https:\/\/gotasdrocio.com\/wp-content\/uploads\/2022\/03\/img-20171101-wa00061-ts1509552676-768x1024.jpg 768w, https:\/\/gotasdrocio.com\/wp-content\/uploads\/2022\/03\/img-20171101-wa00061-ts1509552676-225x300.jpg 225w, https:\/\/gotasdrocio.com\/wp-content\/uploads\/2022\/03\/img-20171101-wa00061-ts1509552676-1152x1536.jpg 1152w, https:\/\/gotasdrocio.com\/wp-content\/uploads\/2022\/03\/img-20171101-wa00061-ts1509552676.jpg 1200w\" sizes=\"(max-width: 767px) 89vw, (max-width: 1000px) 54vw, (max-width: 1071px) 543px, 580px\" \/><\/figure><div class=\"wp-block-media-text__content\">\n<p class=\"has-large-font-size\">Rosado<\/p>\n<\/div><\/div>\n\n\n\n<hr class=\"wp-block-separator\"\/>\n\n\n\n<div class=\"wp-block-media-text alignwide is-stacked-on-mobile\"><figure class=\"wp-block-media-text__media\"><img loading=\"lazy\" width=\"771\" height=\"1024\" src=\"https:\/\/gotasdrocio.com\/wp-content\/uploads\/2024\/12\/1733232176273-1-771x1024.jpg\" alt=\"\" class=\"wp-image-166 size-full\" srcset=\"https:\/\/gotasdrocio.com\/wp-content\/uploads\/2024\/12\/1733232176273-1-771x1024.jpg 771w, https:\/\/gotasdrocio.com\/wp-content\/uploads\/2024\/12\/1733232176273-1-226x300.jpg 226w, https:\/\/gotasdrocio.com\/wp-content\/uploads\/2024\/12\/1733232176273-1-768x1021.jpg 768w, https:\/\/gotasdrocio.com\/wp-content\/uploads\/2024\/12\/1733232176273-1-1156x1536.jpg 1156w, https:\/\/gotasdrocio.com\/wp-content\/uploads\/2024\/12\/1733232176273-1.jpg 1204w\" sizes=\"(max-width: 767px) 89vw, (max-width: 1000px) 54vw, (max-width: 1071px) 543px, 580px\" \/><\/figure><div class=\"wp-block-media-text__content\">\n<p class=\"has-large-font-size\">Verm\u00fa Isidr\u00edn<\/p>\n<\/div><\/div>\n","protected":false},"excerpt":{"rendered":"<p>Brib\u00f3n Tinto Roble Tinto Autor Tinto Crianza Tesoro Escondido Verdejo Rosado Verm\u00fa Isidr\u00edn<\/p>\n","protected":false},"author":1,"featured_media":0,"parent":0,"menu_order":0,"comment_status":"closed","ping_status":"closed","template":"","meta":{"om_disable_all_campaigns":false,"_monsterinsights_skip_tracking":false,"_monsterinsights_sitenote_active":false,"_monsterinsights_sitenote_note":"","_monsterinsights_sitenote_category":0},"_links":{"self":[{"href":"https:\/\/gotasdrocio.com\/index.php?rest_route=\/wp\/v2\/pages\/55"}],"collection":[{"href":"https:\/\/gotasdrocio.com\/index.php?rest_route=\/wp\/v2\/pages"}],"about":[{"href":"https:\/\/gotasdrocio.com\/index.php?rest_route=\/wp\/v2\/types\/page"}],"author":[{"embeddable":true,"href":"https:\/\/gotasdrocio.com\/index.php?rest_route=\/wp\/v2\/users\/1"}],"replies":[{"embeddable":true,"href":"https:\/\/gotasdrocio.com\/index.php?rest_route=%2Fwp%2Fv2%2Fcomments&post=55"}],"version-history":[{"count":5,"href":"https:\/\/gotasdrocio.com\/index.php?rest_route=\/wp\/v2\/pages\/55\/revisions"}],"predecessor-version":[{"id":167,"href":"https:\/\/gotasdrocio.com\/index.php?rest_route=\/wp\/v2\/pages\/55\/revisions\/167"}],"wp:attachment":[{"href":"https:\/\/gotasdrocio.com\/index.php?rest_route=%2Fwp%2Fv2%2Fmedia&parent=55"}],"curies":[{"name":"wp","href":"https:\/\/api.w.org\/{rel}","templated":true}]}}